{"id":1873,"date":"2021-03-31T10:34:34","date_gmt":"2021-03-31T10:34:34","guid":{"rendered":"http:\/\/craftsource.pascalrazvan.ro\/?page_id=1873"},"modified":"2021-03-31T10:34:35","modified_gmt":"2021-03-31T10:34:35","slug":"termeni-si-conditii","status":"publish","type":"page","link":"http:\/\/craftsource.pascalrazvan.ro\/index.php\/termeni-si-conditii\/","title":{"rendered":"Termeni si conditii"},"content":{"rendered":"\n<p>Site-ul www.kibrit.ro este proprietatea S.C. CURSANT 4 SRL cu sediul \u00een strada Blabla nr. 27, Ia\u0219i, inscris\u0103 in Registrul Comertului cu numarul J07\/07\/2021, CUI RO00000000.<\/p>\n\n\n\n<p>Folosirea acestui site implica acceptarea politicii de confidentialitate si a termenilor si conditiilor de mai jos.<\/p>\n\n\n\n<p>Prezentul document prin continutul sau pune la dispozitia tertilor utilizatori Regulamentul privind termenii si conditiile de utilizare a site-ului cursant4<\/p>\n\n\n\n<p>Utilizarea site-ului (incluzand accesul, navigarea si cumpararea produselor de pe acest site) constituie un acord implicit de respectare a termenilor si conditiilor enuntate in cuprinsul prezentului document cu toate efectele si consecintele ce decurg din aceasta.<\/p>\n\n\n\n<p>Continutul site-ului si drepturile de proprietate intelectuala<\/p>\n\n\n\n<p>Kibrit este marca inregistrata la O.S.I.M.<\/p>\n\n\n\n<p>Intregul continut al site-ului cursant4 \u2013 imagini, texte, grafice, simboluri, elemente de grafica web, email-uri, scripturi, programe si alte date \u2013 este proprietatea companiei si este aparat de Legea pentru protectia drepturilor de autor (legea nr. 8\/1996) si de legile privind proprietatea intelectuala si industriala. Folosirea fara acordul companiei a oricaror elemente enumerate mai sus se pedepseste conform legislatiei in vigoare. Conform legii drepturilor de autor, daca sesizati incalcarea anumitor drepturi intelectuale va rugam contactati-ne la adresa: contact@cursant4.ro<\/p>\n\n\n\n<p>Continutul acestui site nu poate fi utilizat, reprodus, distribuit, transmis, expus, in alte scopuri decat cele expres si legal permise. Extragerea oricaror informatii urmata de orice utilizare in scop comercial care depaseste sfera copiei private reglementate de lege sau pentru vanzare ori licentiere si fara a avea in prealabil un consimtamant scris al titularilor drepturilor de proprietate constituie o incalcare a termenilor si conditiilor.<\/p>\n\n\n\n<p>Cu exceptia situatiilor \u00een care se precizeaza altfel, toate numele, logo-urile, marcile comerciale, marcile de servicii, numele comerciale sunt proprietatea Cursant 4 SRL si nu pot fi folosite de nimeni pentru nici un scop fara acordul nostru scris, exprimat anterior.<\/p>\n\n\n\n<p>Politica de cookie-uri<\/p>\n\n\n\n<p>Website-ul  foloseste cookie-uri pentru a imbunatati functionalitatea si utilizarea website-ului de catre vizitatori, precum si pentru a personaliza experienta acestora. Mai multe informatii gasiti aici.<\/p>\n\n\n\n<p>Legea aplicabila<\/p>\n\n\n\n<p>Prin folosirea site-ului, utilizatorul se declara de acord asupra faptului ca legile romane vor guverna Termenii si conditiile de utilizare si orice disputa de orice fel care ar putea sa apara intre utilizatori si administratorii kibrit. In cazul unor eventuale conflicte se va incerca mai intai rezolvarea acestora pe cale amiabila, iar daca rezolvarea pe cale amiabila nu va fi posibila, conflictul va fi solutionat in instanta, in conformitate cu legile romane in vigoare.<\/p>\n\n\n\n<p>Administratorul site-ului isi rezerva dreptul de a modifica in orice moment continutul acestui acord, fara notificarea prealabila a persoanelor care il utilizeaza.<\/p>\n\n\n\n<p>Utilizatorii vor avea acces permanent la termenii si conditiile de utilizare a serviciilor, pentru a le putea consulta in orice moment.<\/p>\n\n\n\n<p>Cookie-urile ofer\u0103 den\u021bin\u0103torilor site-ului informa\u021bii despre experien\u021ba de navigare a fiec\u0103rui vizitator \u0219i \u00eei ajut\u0103 la optimizarea site-ului \u00een func\u021bie de feedback-ul primit.<\/p>\n\n\n\n<p>Ce este un cookie?<\/p>\n\n\n\n<p>Un cookie este un fi\u0219ier cu informa\u021bii care dup\u0103 ce ob\u021bine acordul fiec\u0103rui vizitator de pe site, este stocat \u00een memoria calculatorului. Acest sistem de stocare a datelor ajut\u0103 fiecare companie s\u0103 str\u00e2ng\u0103 informa\u021bii despre browser-ul \u0219i sistemul de operare utilizat de viziatatori, pentru a \u00een\u021belege experienta acestora pe site.<\/p>\n\n\n\n<p>Cum pot fi controlate cookie-urile?<\/p>\n\n\n\n<p>Fiecare utilizator poate seta din browserul calculatorului ca acesta sa blocheze cookie-urile sau s\u0103 le \u0219tearg\u0103. \u00cen func\u021bie de tipul browserului \u0219i de func\u021bionalitatea calculatorului este posibil ca aceste op\u021biuni s\u0103 nu fie \u00eentotdeauna accesibile. Cookie-urile nu pot contine virusi sau spyware ci sunt doar fragmente de text.<\/p>\n\n\n\n<p>Daca aveti intrebari sau nelamuriri in legatura cu acesti termeni de utilizare, nu ezitati sa ne contactati la adresa de email: contact@cursant4.ro<\/p>\n","protected":false},"excerpt":{"rendered":"<p>Site-ul www.kibrit.ro este proprietatea S.C. CURSANT 4 SRL cu sediul \u00een strada Blabla nr. 27, Ia\u0219i, inscris\u0103 in Registrul Comertului cu numarul J07\/07\/2021, CUI RO00000000. Folosirea acestui site implica acceptarea politicii de confidentialitate si a termenilor si conditiilor de mai jos. Prezentul document prin continutul sau pune la dispozitia tertilor utilizatori Regulamentul privind termenii si &hellip;<\/p>\n<p class=\"read-more\"> <a class=\"\" href=\"http:\/\/craftsource.pascalrazvan.ro\/index.php\/termeni-si-conditii\/\"> <span class=\"screen-reader-text\">Termeni si conditii<\/span> Read More &raquo;<\/a><\/p>\n","protected":false},"author":1,"featured_media":0,"parent":0,"menu_order":0,"comment_status":"closed","ping_status":"closed","template":"","meta":{"footnotes":""},"class_list":["post-1873","page","type-page","status-publish","hentry"],"yoast_head":"<!-- This site is optimized with the Yoast SEO plugin v16.1.1 - https:\/\/yoast.com\/wordpress\/plugins\/seo\/ -->\n<title>Termeni si conditii - Craft Source<\/title>\n<meta property=\"og:locale\" content=\"ro_RO\" \/>\n<meta property=\"og:type\" content=\"article\" \/>\n<meta property=\"og:title\" content=\"Termeni si conditii - Craft Source\" \/>\n<meta property=\"og:description\" content=\"Site-ul www.kibrit.ro este proprietatea S.C. CURSANT 4 SRL cu sediul \u00een strada Blabla nr. 27, Ia\u0219i, inscris\u0103 in Registrul Comertului cu numarul J07\/07\/2021, CUI RO00000000. Folosirea acestui site implica acceptarea politicii de confidentialitate si a termenilor si conditiilor de mai jos. Prezentul document prin continutul sau pune la dispozitia tertilor utilizatori Regulamentul privind termenii si &hellip; Termeni si conditii Read More &raquo;\" \/>\n<meta property=\"og:url\" content=\"http:\/\/craftsource.pascalrazvan.ro\/index.php\/termeni-si-conditii\/\" \/>\n<meta property=\"og:site_name\" content=\"Craft Source\" \/>\n<meta property=\"article:modified_time\" content=\"2021-03-31T10:34:35+00:00\" \/>\n<meta name=\"twitter:card\" content=\"summary_large_image\" \/>\n<meta name=\"twitter:label1\" content=\"Timp estimat pentru citire\">\n\t<meta name=\"twitter:data1\" content=\"3 minute\">\n<script type=\"application\/ld+json\" class=\"yoast-schema-graph\">{\"@context\":\"https:\/\/schema.org\",\"@graph\":[{\"@type\":\"WebSite\",\"@id\":\"https:\/\/craftsource.pascalrazvan.ro\/#website\",\"url\":\"https:\/\/craftsource.pascalrazvan.ro\/\",\"name\":\"Craft Source\",\"description\":\"Agen\\u021bie de Digital Marketing \\u0219i PPC\",\"potentialAction\":[{\"@type\":\"SearchAction\",\"target\":\"https:\/\/craftsource.pascalrazvan.ro\/?s={search_term_string}\",\"query-input\":\"required name=search_term_string\"}],\"inLanguage\":\"ro-RO\"},{\"@type\":\"WebPage\",\"@id\":\"http:\/\/craftsource.pascalrazvan.ro\/index.php\/termeni-si-conditii\/#webpage\",\"url\":\"http:\/\/craftsource.pascalrazvan.ro\/index.php\/termeni-si-conditii\/\",\"name\":\"Termeni si conditii - Craft Source\",\"isPartOf\":{\"@id\":\"https:\/\/craftsource.pascalrazvan.ro\/#website\"},\"datePublished\":\"2021-03-31T10:34:34+00:00\",\"dateModified\":\"2021-03-31T10:34:35+00:00\",\"breadcrumb\":{\"@id\":\"http:\/\/craftsource.pascalrazvan.ro\/index.php\/termeni-si-conditii\/#breadcrumb\"},\"inLanguage\":\"ro-RO\",\"potentialAction\":[{\"@type\":\"ReadAction\",\"target\":[\"http:\/\/craftsource.pascalrazvan.ro\/index.php\/termeni-si-conditii\/\"]}]},{\"@type\":\"BreadcrumbList\",\"@id\":\"http:\/\/craftsource.pascalrazvan.ro\/index.php\/termeni-si-conditii\/#breadcrumb\",\"itemListElement\":[{\"@type\":\"ListItem\",\"position\":1,\"item\":{\"@type\":\"WebPage\",\"@id\":\"https:\/\/craftsource.pascalrazvan.ro\/\",\"url\":\"https:\/\/craftsource.pascalrazvan.ro\/\",\"name\":\"Home\"}},{\"@type\":\"ListItem\",\"position\":2,\"item\":{\"@type\":\"WebPage\",\"@id\":\"http:\/\/craftsource.pascalrazvan.ro\/index.php\/termeni-si-conditii\/\",\"url\":\"http:\/\/craftsource.pascalrazvan.ro\/index.php\/termeni-si-conditii\/\",\"name\":\"Termeni si conditii\"}}]}]}<\/script>\n<!-- \/ Yoast SEO plugin. -->","_links":{"self":[{"href":"http:\/\/craftsource.pascalrazvan.ro\/index.php\/wp-json\/wp\/v2\/pages\/1873","targetHints":{"allow":["GET"]}}],"collection":[{"href":"http:\/\/craftsource.pascalrazvan.ro\/index.php\/wp-json\/wp\/v2\/pages"}],"about":[{"href":"http:\/\/craftsource.pascalrazvan.ro\/index.php\/wp-json\/wp\/v2\/types\/page"}],"author":[{"embeddable":true,"href":"http:\/\/craftsource.pascalrazvan.ro\/index.php\/wp-json\/wp\/v2\/users\/1"}],"replies":[{"embeddable":true,"href":"http:\/\/craftsource.pascalrazvan.ro\/index.php\/wp-json\/wp\/v2\/comments?post=1873"}],"version-history":[{"count":1,"href":"http:\/\/craftsource.pascalrazvan.ro\/index.php\/wp-json\/wp\/v2\/pages\/1873\/revisions"}],"predecessor-version":[{"id":1874,"href":"http:\/\/craftsource.pascalrazvan.ro\/index.php\/wp-json\/wp\/v2\/pages\/1873\/revisions\/1874"}],"wp:attachment":[{"href":"http:\/\/craftsource.pascalrazvan.ro\/index.php\/wp-json\/wp\/v2\/media?parent=1873"}],"curies":[{"name":"wp","href":"https:\/\/api.w.org\/{rel}","templated":true}]}}